{"id":25258,"date":"2019-11-20T04:56:20","date_gmt":"2019-11-20T04:56:20","guid":{"rendered":"https:\/\/ccf.community\/?page_id=25258"},"modified":"2020-01-21T23:12:12","modified_gmt":"2020-01-21T23:12:12","slug":"american-heritage-girls","status":"publish","type":"page","link":"https:\/\/ccf.community\/es\/connect\/american-heritage-girls\/","title":{"rendered":"American Heritage Girls"},"content":{"rendered":"<div class=\"wpb-content-wrapper\"><div class=\"vc_row-full-width-before\"><\/div><div id=\"vc_row-69f183259e2c4\" data-vc-full-width=\"true\" data-vc-full-width-init=\"false\" data-vc-stretch-content=\"true\" class=\"vc_row wpb_row vc_row-fluid vc_custom_1574225964103 thegem-custom-69f183259e29f4296 vc_row-has-fill vc_row-no-padding vc_row-o-equal-height vc_row-flex\"><script type=\"text\/javascript\">if (typeof(gem_fix_fullwidth_position) == \"function\") { gem_fix_fullwidth_position(document.getElementById(\"vc_row-69f183259e2c4\")); }<\/script><div class=\"wpb_column vc_column_container vc_col-sm-4 thegem-custom-69f183259e5f16232\" ><div class=\"vc_column-inner thegem-custom-inner-69f183259e5f4\"><div class=\"wpb_wrapper thegem-custom-69f183259e5f16232\"><h2 style=\"text-align: center;font-family:Abril Fatface;font-weight:400;font-style:normal\" class=\"vc_custom_heading\" >PROP\u00d3SITO<\/h2>\r\n\t\r\n\t\t<div class=\"wpb_text_column wpb_content_element  vc_custom_1574225869304 thegem-vc-text thegem-custom-69f183259e9fe8300\"  >\r\n\t\t\t<div class=\"wpb_wrapper\">\r\n\t\t\t\t<p style=\"text-align: center;\">American Heritage Girls es un programa\npara el desarrollo del car\u00e1cter y liderazgo \nCristoc\u00e9ntrico de ni\u00f1as de 5 a 18 a\u00f1os de edad.<\/p>\n<p style=\"text-align: center;\">AHG est\u00e1 dedicado a la misi\u00f3n de \nedificar mujeres de integridad por\nmedio del servicio a Dios, la familia,\ncomunidad y naci\u00f3n.<\/p>\n\r\n\t\t\t<\/div>\r\n\t\t\t<style>@media screen and (max-width: 1023px) {.thegem-vc-text.thegem-custom-69f183259e9fe8300{display: block!important;}}@media screen and (max-width: 767px) {.thegem-vc-text.thegem-custom-69f183259e9fe8300{display: block!important;}}@media screen and (max-width: 1023px) {.thegem-vc-text.thegem-custom-69f183259e9fe8300{position: relative !important;}}@media screen and (max-width: 767px) {.thegem-vc-text.thegem-custom-69f183259e9fe8300{position: relative !important;}}<\/style>\r\n\t\t<\/div>\r\n\t\r\n<\/div><\/div><\/div><div class=\"wpb_column vc_column_container vc_col-sm-4 thegem-custom-69f183259ec552557 vc_col-has-fill\" ><div class=\"vc_column-inner thegem-custom-inner-69f183259ec58 vc_custom_1579648298801\"><div class=\"wpb_wrapper thegem-custom-69f183259ec552557\"><div class=\"vc_empty_space\"   style=\"height: 400px\"><span class=\"vc_empty_space_inner\"><\/span><\/div><\/div><\/div><\/div><div class=\"wpb_column vc_column_container vc_col-sm-4 thegem-custom-69f183259ef0a79\" ><div class=\"vc_column-inner thegem-custom-inner-69f183259ef0c\"><div class=\"wpb_wrapper thegem-custom-69f183259ef0a79\"><h2 style=\"text-align: center;font-family:Abril Fatface;font-weight:400;font-style:normal\" class=\"vc_custom_heading\" >REUNIONES<\/h2>\r\n\t\r\n\t\t<div class=\"wpb_text_column wpb_content_element  vc_custom_1574225554701 thegem-vc-text thegem-custom-69f183259f1bc1124\"  >\r\n\t\t\t<div class=\"wpb_wrapper\">\r\n\t\t\t\t<h4 style=\"text-align: center;\">LUNES<\/h4>\n<p style=\"text-align: center;\">\u00a0@ 6:45 PM<\/p>\n\r\n\t\t\t<\/div>\r\n\t\t\t<style>@media screen and (max-width: 1023px) {.thegem-vc-text.thegem-custom-69f183259f1bc1124{display: block!important;}}@media screen and (max-width: 767px) {.thegem-vc-text.thegem-custom-69f183259f1bc1124{display: block!important;}}@media screen and (max-width: 1023px) {.thegem-vc-text.thegem-custom-69f183259f1bc1124{position: relative !important;}}@media screen and (max-width: 767px) {.thegem-vc-text.thegem-custom-69f183259f1bc1124{position: relative !important;}}<\/style>\r\n\t\t<\/div>\r\n\t\r\n<\/div><\/div><\/div><\/div><div class=\"vc_row-full-width vc_clearfix\"><\/div><div class=\"vc_row-full-width-before\"><\/div><div id=\"vc_row-69f183259f44e\" data-vc-full-width=\"true\" data-vc-full-width-init=\"false\" data-vc-stretch-content=\"true\" class=\"vc_row wpb_row vc_row-fluid vc_custom_1574212214996 thegem-custom-69f183259f4396043 vc_row-has-fill vc_row-no-padding vc_row-o-equal-height vc_row-flex\"><script type=\"text\/javascript\">if (typeof(gem_fix_fullwidth_position) == \"function\") { gem_fix_fullwidth_position(document.getElementById(\"vc_row-69f183259f44e\")); }<\/script><div class=\"wpb_column vc_column_container vc_col-sm-12 thegem-custom-69f183259f5d843\" ><div class=\"vc_column-inner thegem-custom-inner-69f183259f5da\"><div class=\"wpb_wrapper thegem-custom-69f183259f5d843\"><h4 style=\"text-align: center;font-family:Montserrat;font-weight:400;font-style:normal\" class=\"vc_custom_heading\" ><a href=\"tel:281-354-2464\">PARA REGISTRARSE Y\/O PREGUNTAS SOBRE NUESTRA TROPA<br \/>\nFAVOR DE LLAMARNOS AL 281-354-2464.<\/a><\/h4><\/div><\/div><\/div><\/div><div class=\"vc_row-full-width vc_clearfix\"><\/div>\n<\/div>","protected":false},"excerpt":{"rendered":"","protected":false},"author":1,"featured_media":0,"parent":24799,"menu_order":0,"comment_status":"closed","ping_status":"closed","template":"","meta":{"om_disable_all_campaigns":false,"_monsterinsights_skip_tracking":false,"_monsterinsights_sitenote_active":false,"_monsterinsights_sitenote_note":"","_monsterinsights_sitenote_category":0,"_uf_show_specific_survey":0,"_uf_disable_surveys":false,"footnotes":""},"class_list":["post-25258","page","type-page","status-publish"],"aioseo_notices":[],"_links":{"self":[{"href":"https:\/\/ccf.community\/es\/wp-json\/wp\/v2\/pages\/25258","targetHints":{"allow":["GET"]}}],"collection":[{"href":"https:\/\/ccf.community\/es\/wp-json\/wp\/v2\/pages"}],"about":[{"href":"https:\/\/ccf.community\/es\/wp-json\/wp\/v2\/types\/page"}],"author":[{"embeddable":true,"href":"https:\/\/ccf.community\/es\/wp-json\/wp\/v2\/users\/1"}],"replies":[{"embeddable":true,"href":"https:\/\/ccf.community\/es\/wp-json\/wp\/v2\/comments?post=25258"}],"version-history":[{"count":6,"href":"https:\/\/ccf.community\/es\/wp-json\/wp\/v2\/pages\/25258\/revisions"}],"predecessor-version":[{"id":25439,"href":"https:\/\/ccf.community\/es\/wp-json\/wp\/v2\/pages\/25258\/revisions\/25439"}],"up":[{"embeddable":true,"href":"https:\/\/ccf.community\/es\/wp-json\/wp\/v2\/pages\/24799"}],"wp:attachment":[{"href":"https:\/\/ccf.community\/es\/wp-json\/wp\/v2\/media?parent=25258"}],"curies":[{"name":"wp","href":"https:\/\/api.w.org\/{rel}","templated":true}]}}