{"id":25266,"date":"2019-11-20T05:03:23","date_gmt":"2019-11-20T05:03:23","guid":{"rendered":"https:\/\/ccf.community\/?page_id=25266"},"modified":"2019-11-20T05:04:29","modified_gmt":"2019-11-20T05:04:29","slug":"trail-life","status":"publish","type":"page","link":"https:\/\/ccf.community\/es\/connect\/trail-life\/","title":{"rendered":"Trail Life USA"},"content":{"rendered":"<div class=\"wpb-content-wrapper\"><div class=\"vc_row-full-width-before\"><\/div><div id=\"vc_row-69f1832d6576b\" data-vc-full-width=\"true\" data-vc-full-width-init=\"false\" data-vc-stretch-content=\"true\" class=\"vc_row wpb_row vc_row-fluid vc_custom_1574225964103 thegem-custom-69f1832d6574b5559 vc_row-has-fill vc_row-no-padding vc_row-o-equal-height vc_row-flex\"><script type=\"text\/javascript\">if (typeof(gem_fix_fullwidth_position) == \"function\") { gem_fix_fullwidth_position(document.getElementById(\"vc_row-69f1832d6576b\")); }<\/script><div class=\"wpb_column vc_column_container vc_col-sm-8 thegem-custom-69f1832d659612956\" ><div class=\"vc_column-inner thegem-custom-inner-69f1832d65963\"><div class=\"wpb_wrapper thegem-custom-69f1832d659612956\"><h2 style=\"text-align: center;font-family:Abril Fatface;font-weight:400;font-style:normal\" class=\"vc_custom_heading\" >PROP\u00d3SITO<\/h2>\r\n\t\r\n\t\t<div class=\"wpb_text_column wpb_content_element  vc_custom_1574226080230 thegem-vc-text thegem-custom-69f1832d65c97606\"  >\r\n\t\t\t<div class=\"wpb_wrapper\">\r\n\t\t\t\t<h4 style=\"text-align: center;\">TRAIL LIFE ES SOBRE FE, FAMILIA, DIVERSI\u00d3N, AVENTURA, CAR\u00c1CTER, LIDERAZGO Y MUCHO M\u00c1S.<\/h4>\n<p style=\"text-align: center;\">Trail Life USA es un viaje de mentor\u00eda y discipulado basado en la Iglesia, centrado en Cristo y centrado en los varones que habla al coraz\u00f3n de ellos. Esta aventura est\u00e1 abierta a todos los varoncitos desde Kindergarten hasta 12 \u00b0 grado.<\/p>\n\r\n\t\t\t<\/div>\r\n\t\t\t<style>@media screen and (max-width: 1023px) {.thegem-vc-text.thegem-custom-69f1832d65c97606{display: block!important;}}@media screen and (max-width: 767px) {.thegem-vc-text.thegem-custom-69f1832d65c97606{display: block!important;}}@media screen and (max-width: 1023px) {.thegem-vc-text.thegem-custom-69f1832d65c97606{position: relative !important;}}@media screen and (max-width: 767px) {.thegem-vc-text.thegem-custom-69f1832d65c97606{position: relative !important;}}<\/style>\r\n\t\t<\/div>\r\n\t\r\n<h2 style=\"text-align: center;font-family:Abril Fatface;font-weight:400;font-style:normal\" class=\"vc_custom_heading\" >REUNIONES<\/h2>\r\n\t\r\n\t\t<div class=\"wpb_text_column wpb_content_element  vc_custom_1574225554701 thegem-vc-text thegem-custom-69f1832d65e6c8070\"  >\r\n\t\t\t<div class=\"wpb_wrapper\">\r\n\t\t\t\t<h4 style=\"text-align: center;\">LUNES<\/h4>\n<p style=\"text-align: center;\">\u00a0@ 6:45 PM<\/p>\n\r\n\t\t\t<\/div>\r\n\t\t\t<style>@media screen and (max-width: 1023px) {.thegem-vc-text.thegem-custom-69f1832d65e6c8070{display: block!important;}}@media screen and (max-width: 767px) {.thegem-vc-text.thegem-custom-69f1832d65e6c8070{display: block!important;}}@media screen and (max-width: 1023px) {.thegem-vc-text.thegem-custom-69f1832d65e6c8070{position: relative !important;}}@media screen and (max-width: 767px) {.thegem-vc-text.thegem-custom-69f1832d65e6c8070{position: relative !important;}}<\/style>\r\n\t\t<\/div>\r\n\t\r\n<\/div><\/div><\/div><div class=\"wpb_column vc_column_container vc_col-sm-4 thegem-custom-69f1832d65fb06106 vc_col-has-fill\" ><div class=\"vc_column-inner thegem-custom-inner-69f1832d65fb1 vc_custom_1574226201198\"><div class=\"wpb_wrapper thegem-custom-69f1832d65fb06106\"><div class=\"vc_empty_space\"   style=\"height: 400px\"><span class=\"vc_empty_space_inner\"><\/span><\/div><\/div><\/div><\/div><\/div><div class=\"vc_row-full-width vc_clearfix\"><\/div><div class=\"vc_row-full-width-before\"><\/div><div id=\"vc_row-69f1832d662d6\" data-vc-full-width=\"true\" data-vc-full-width-init=\"false\" data-vc-stretch-content=\"true\" class=\"vc_row wpb_row vc_row-fluid vc_custom_1574212214996 thegem-custom-69f1832d662c95167 vc_row-has-fill vc_row-no-padding vc_row-o-equal-height vc_row-flex\"><script type=\"text\/javascript\">if (typeof(gem_fix_fullwidth_position) == \"function\") { gem_fix_fullwidth_position(document.getElementById(\"vc_row-69f1832d662d6\")); }<\/script><div class=\"wpb_column vc_column_container vc_col-sm-12 thegem-custom-69f1832d663ce7810\" ><div class=\"vc_column-inner thegem-custom-inner-69f1832d663cf\"><div class=\"wpb_wrapper thegem-custom-69f1832d663ce7810\"><h4 style=\"text-align: center;font-family:Montserrat;font-weight:400;font-style:normal\" class=\"vc_custom_heading\" ><a href=\"tel:281-354-2464\">PARA REGISTRARSE Y\/O PREGUNTAS SOBRE NUESTRA TROPA<br \/>\nFAVOR DE LLAMARNOS AL 281-354-2464.<\/a><\/h4><\/div><\/div><\/div><\/div><div class=\"vc_row-full-width vc_clearfix\"><\/div>\n<\/div>","protected":false},"excerpt":{"rendered":"","protected":false},"author":1,"featured_media":0,"parent":24799,"menu_order":0,"comment_status":"closed","ping_status":"closed","template":"","meta":{"om_disable_all_campaigns":false,"_monsterinsights_skip_tracking":false,"_monsterinsights_sitenote_active":false,"_monsterinsights_sitenote_note":"","_monsterinsights_sitenote_category":0,"_uf_show_specific_survey":0,"_uf_disable_surveys":false,"footnotes":""},"class_list":["post-25266","page","type-page","status-publish"],"aioseo_notices":[],"_links":{"self":[{"href":"https:\/\/ccf.community\/es\/wp-json\/wp\/v2\/pages\/25266","targetHints":{"allow":["GET"]}}],"collection":[{"href":"https:\/\/ccf.community\/es\/wp-json\/wp\/v2\/pages"}],"about":[{"href":"https:\/\/ccf.community\/es\/wp-json\/wp\/v2\/types\/page"}],"author":[{"embeddable":true,"href":"https:\/\/ccf.community\/es\/wp-json\/wp\/v2\/users\/1"}],"replies":[{"embeddable":true,"href":"https:\/\/ccf.community\/es\/wp-json\/wp\/v2\/comments?post=25266"}],"version-history":[{"count":2,"href":"https:\/\/ccf.community\/es\/wp-json\/wp\/v2\/pages\/25266\/revisions"}],"predecessor-version":[{"id":25269,"href":"https:\/\/ccf.community\/es\/wp-json\/wp\/v2\/pages\/25266\/revisions\/25269"}],"up":[{"embeddable":true,"href":"https:\/\/ccf.community\/es\/wp-json\/wp\/v2\/pages\/24799"}],"wp:attachment":[{"href":"https:\/\/ccf.community\/es\/wp-json\/wp\/v2\/media?parent=25266"}],"curies":[{"name":"wp","href":"https:\/\/api.w.org\/{rel}","templated":true}]}}